{"id":3397,"date":"2021-05-20T07:33:41","date_gmt":"2021-05-20T07:33:41","guid":{"rendered":"https:\/\/actfuture.com\/espace-presse\/?lang=en"},"modified":"2021-09-14T12:25:42","modified_gmt":"2021-09-14T12:25:42","slug":"espace-presse","status":"publish","type":"page","link":"https:\/\/actfuture.com\/en\/espace-presse\/","title":{"rendered":"Press area"},"content":{"rendered":"<section id=\"bt_bb_section6a03a5ec65afe\" class=\"bt_bb_section bt_bb_layout_boxed_1200\"  data-bt-override-class=\"null\"><div class=\"bt_bb_port\"><div class=\"bt_bb_cell\"><div class=\"bt_bb_cell_inner\"><div class=\"bt_bb_row \"  data-bt-override-class=\"{}\"><div class=\"bt_bb_row_holder\" ><div  class=\"bt_bb_column col-xxl-12 col-xl-12 bt_bb_vertical_align_top bt_bb_align_left bt_bb_padding_normal\"  data-width=\"12\" data-bt-override-class=\"{}\"><div class=\"bt_bb_column_content\"><div class=\"bt_bb_separator bt_bb_border_style_none bt_bb_top_spacing_normal bt_bb_bottom_spacing_normal\" data-bt-override-class=\"null\"><\/div><div  class=\"bt_bb_text\" ><\/p>\n<div class=\"gs\">\n<div class=\"\">\n<div id=\":18m\" class=\"ii gt\">\n<div id=\":18l\" class=\"a3s aiL \">\n<div dir=\"ltr\">\n<div dir=\"ltr\">\n<p>&nbsp;<\/p>\n<div class=\"gmail_default\"><strong><a href=\"http:\/\/www.influencia.net\/fr\/actualites\/tendance,observatoire-influencia,avoir-20-ans-2021-moment-rupture-pour-gen,11013.html\" target=\"_blank\" rel=\"noopener\" data-saferedirecturl=\"https:\/\/www.google.com\/url?q=http:\/\/www.influencia.net\/fr\/actualites\/tendance,observatoire-influencia,avoir-20-ans-2021-moment-rupture-pour-gen,11013.html&amp;source=gmail&amp;ust=1621582198985000&amp;usg=AFQjCNEZFhZcabdBnw9TjFp8pvLF4i8SMg\">Influencia. Avoir 20 ans en 2021 : moment de rupture pour la Gen Z<\/a><\/strong><\/div>\n<div class=\"gmail_default\">\n<div><strong><a href=\"https:\/\/www.ladn.eu\/mondes-creatifs\/realites-alternatives\/interview-mark-pesce-realite-augmentee\/?utm_source=newsletter_ladn&amp;utm_medium=email&amp;utm_campaign=news_ladn_tendance&amp;utm_content=20210316\" target=\"_blank\" rel=\"noopener\" data-saferedirecturl=\"https:\/\/www.google.com\/url?q=https:\/\/www.ladn.eu\/mondes-creatifs\/realites-alternatives\/interview-mark-pesce-realite-augmentee\/?utm_source%3Dnewsletter_ladn%26utm_medium%3Demail%26utm_campaign%3Dnews_ladn_tendance%26utm_content%3D20210316&amp;source=gmail&amp;ust=1621582198985000&amp;usg=AFQjCNH4cSpyUJspdooGyD5s4ImBbM-q9g\">ADN \u00ab La r\u00e9alit\u00e9 augment\u00e9e comme les drogues psych\u00e9d\u00e9liques ont l&#8217;intention d\u2019agrandir l\u2019exp\u00e9rience humaine les perceptions \u00bb<\/a><\/strong><\/div>\n<div><strong><a href=\"https:\/\/www.ladn.eu\/adn-business\/experts-metiers\/publicite\/advertising\/creation-publicitaire\/lhyper-contextualisation-le-nouveau-levier-de-reconciliation-des-marques-avec-leurs-consommateurs\/?utm_source=newsletter_ladn&amp;utm_medium=email&amp;utm_campaign=news_ladn_business&amp;utm_content=20210311\" target=\"_blank\" rel=\"noopener\" data-saferedirecturl=\"https:\/\/www.google.com\/url?q=https:\/\/www.ladn.eu\/adn-business\/experts-metiers\/publicite\/advertising\/creation-publicitaire\/lhyper-contextualisation-le-nouveau-levier-de-reconciliation-des-marques-avec-leurs-consommateurs\/?utm_source%3Dnewsletter_ladn%26utm_medium%3Demail%26utm_campaign%3Dnews_ladn_business%26utm_content%3D20210311&amp;source=gmail&amp;ust=1621582198985000&amp;usg=AFQjCNGJidxu9Y7YkrXvxeuFapEEqO4zkA\">ADN. L\u2019hyper-contextualisation : le nouveau levier de r\u00e9conciliation des marques avec leurs consommateurs<\/a><\/strong><\/div>\n<div><strong><a href=\"http:\/\/i0y9.mjt.lu\/lnk\/AM8AAJdCuScAAcrixgwAAGl51YUAARrrACAAJMfyAAllogBgPkU21tc0_eGcR-eQ2FDWEN4mFQAH33Q\/11\/_wW82NqIY33A-_0MhW5x-g\/aHR0cHM6Ly93d3cubGFkbi5ldS9hZG4tYnVzaW5lc3MvZXhwZXJ0cy1tZXRpZXJzL3Bhci1zZWN0ZXVycy9sdXhlL2x1cGN5Y2xpbmctY29udGVudXMtZHluYW1pcXVlcy1jcmVhdGl2ZXMtbWFycXVlcy8_dXRtX3NvdXJjZT1uZXdzbGV0dGVyX2xhZG4mdXRtX21lZGl1bT1lbWFpbCZ1dG1fY2FtcGFpZ249bmV3c19sYWRuX2J1c2luZXNzJnV0bV9jb250ZW50PTIwMjEwMzAy\" target=\"_blank\" rel=\"noopener\" data-saferedirecturl=\"https:\/\/www.google.com\/url?q=http:\/\/i0y9.mjt.lu\/lnk\/AM8AAJdCuScAAcrixgwAAGl51YUAARrrACAAJMfyAAllogBgPkU21tc0_eGcR-eQ2FDWEN4mFQAH33Q\/11\/_wW82NqIY33A-_0MhW5x-g\/aHR0cHM6Ly93d3cubGFkbi5ldS9hZG4tYnVzaW5lc3MvZXhwZXJ0cy1tZXRpZXJzL3Bhci1zZWN0ZXVycy9sdXhlL2x1cGN5Y2xpbmctY29udGVudXMtZHluYW1pcXVlcy1jcmVhdGl2ZXMtbWFycXVlcy8_dXRtX3NvdXJjZT1uZXdzbGV0dGVyX2xhZG4mdXRtX21lZGl1bT1lbWFpbCZ1dG1fY2FtcGFpZ249bmV3c19sYWRuX2J1c2luZXNzJnV0bV9jb250ZW50PTIwMjEwMzAy&amp;source=gmail&amp;ust=1621582198985000&amp;usg=AFQjCNFgjUOShBnRyfj97-53gx7NRGZnIg\">ADN: Comment l\u2019upcycling de contenus peut s\u2019inscrire au c\u0153ur des dynamiques cr\u00e9atives des marques ?<\/a><\/strong><\/div>\n<div><strong><a href=\"http:\/\/www.influencia.net\/fr\/actualites\/in,innovations,philippe-starck-ete-battu-par-ete-formidablement-content,10967.html\" target=\"_blank\" rel=\"noopener\" data-saferedirecturl=\"https:\/\/www.google.com\/url?q=http:\/\/www.influencia.net\/fr\/actualites\/in,innovations,philippe-starck-ete-battu-par-ete-formidablement-content,10967.html&amp;source=gmail&amp;ust=1621582198985000&amp;usg=AFQjCNG2cYej2ODOknH3r9qzZh2pgVXjkQ\">INFLUENCIA &#8211; Philippe Starck : \u00ab J&#8217;ai \u00e9t\u00e9 battu par l&#8217;IA! J&#8217;en ai \u00e9t\u00e9 formidablement content \u00bb<\/a><\/strong><\/div>\n<div><strong><a href=\"https:\/\/www.ladn.eu\/adn-business\/experts-metiers\/branding\/strategie\/strategie-marque\/limmersive-design-lheure-du-covid-ou-comment-recreer-une-experience-client\/?utm_source=newsletter_ladn&amp;utm_medium=email&amp;utm_campaign=news_ladn_business&amp;utm_content=20210225\" target=\"_blank\" rel=\"noopener\" data-saferedirecturl=\"https:\/\/www.google.com\/url?q=https:\/\/www.ladn.eu\/adn-business\/experts-metiers\/branding\/strategie\/strategie-marque\/limmersive-design-lheure-du-covid-ou-comment-recreer-une-experience-client\/?utm_source%3Dnewsletter_ladn%26utm_medium%3Demail%26utm_campaign%3Dnews_ladn_business%26utm_content%3D20210225&amp;source=gmail&amp;ust=1621582198985000&amp;usg=AFQjCNGV-Dg-7vFnUDvEZxLdryvGuWzXSg\">ADN: L\u2019immersive design \u00e0 l\u2019heure du Covid, ou comment recr\u00e9er une exp\u00e9rience client ?<\/a><\/strong><\/div>\n<div><strong><a href=\"http:\/\/i0y9.mjt.lu\/lnk\/AVYAACQdScMAAcrixQYAAGl51YUAARrrACAAJMfyAAllogBgN7JlmlribyAaQPSeTz36oqMiXwAH33Q\/16\/o7HqmP8LUwVRKvfj9xOUuA\/aHR0cHM6Ly93d3cubGFkbi5ldS9lbnRyZXByaXNlcy1pbm5vdmFudGVzL21hcnF1ZXMtZW5nYWdlZXMvZWNvbm9taWUtemVyby1jYXJib25lLWdyYW5kcy1ncm91cGVzLWVuZ2FnZXMvP3V0bV9zb3VyY2U9bmV3c2xldHRlcl9sYWRuJnV0bV9tZWRpdW09ZW1haWwmdXRtX2NhbXBhaWduPW5ld3NfbGFkbl9idXNpbmVzcyZ1dG1fY29udGVudD0yMDIxMDIyNQ\" target=\"_blank\" rel=\"noopener\" data-saferedirecturl=\"https:\/\/www.google.com\/url?q=http:\/\/i0y9.mjt.lu\/lnk\/AVYAACQdScMAAcrixQYAAGl51YUAARrrACAAJMfyAAllogBgN7JlmlribyAaQPSeTz36oqMiXwAH33Q\/16\/o7HqmP8LUwVRKvfj9xOUuA\/aHR0cHM6Ly93d3cubGFkbi5ldS9lbnRyZXByaXNlcy1pbm5vdmFudGVzL21hcnF1ZXMtZW5nYWdlZXMvZWNvbm9taWUtemVyby1jYXJib25lLWdyYW5kcy1ncm91cGVzLWVuZ2FnZXMvP3V0bV9zb3VyY2U9bmV3c2xldHRlcl9sYWRuJnV0bV9tZWRpdW09ZW1haWwmdXRtX2NhbXBhaWduPW5ld3NfbGFkbl9idXNpbmVzcyZ1dG1fY29udGVudD0yMDIxMDIyNQ&amp;source=gmail&amp;ust=1621582198985000&amp;usg=AFQjCNE86zatqwglIR7IR6sncfBqEPIxAw\">ADN: Une \u00e9conomie z\u00e9ro carbone dans 30 ans ? Les grands groupes y croient<\/a><\/strong><\/div>\n<\/div>\n<div class=\"gmail_default\"><strong><a href=\"https:\/\/www.ladn.eu\/adn-business\/experts-metiers\/marketing\/etudes\/tendances-benchmark\/comment-nostalgie-moteur-dinnovation-marques\/?utm_source=newsletter_ladn&amp;utm_medium=email&amp;utm_campaign=news_ladn_business&amp;utm_content=20210211\" target=\"_blank\" rel=\"noopener\" data-saferedirecturl=\"https:\/\/www.google.com\/url?q=https:\/\/www.ladn.eu\/adn-business\/experts-metiers\/marketing\/etudes\/tendances-benchmark\/comment-nostalgie-moteur-dinnovation-marques\/?utm_source%3Dnewsletter_ladn%26utm_medium%3Demail%26utm_campaign%3Dnews_ladn_business%26utm_content%3D20210211&amp;source=gmail&amp;ust=1621582198985000&amp;usg=AFQjCNERr5VGJzZU3aC9DwLIK7WJOxyidg\">ADN: Comment la nostalgie peut-\u00eatre un moteur d\u2019innovation pour les marques ?<\/a><\/strong><\/div>\n<div class=\"gmail_default\"><strong><a href=\"http:\/\/i0y9.mjt.lu\/lnk\/AUsAACIJOzEAAcriwMgAAGl51YUAARrrACAAJMfyAAllogBgJBRY7kzEtAsZQKKNRfrg9kXGnwAH33Q\/8\/b8GooTQeSJ3Li3LG7wwV-w\/aHR0cHM6Ly93d3cubGFkbi5ldS9hZG4tYnVzaW5lc3MvZXhwZXJ0cy1tZXRpZXJzL3B1YmxpY2l0ZS9hZHZlcnRpc2luZy9jcmVhdGlvbi1wdWJsaWNpdGFpcmUvbGh5cGVyLWNvbnRleHR1YWxpc2F0aW9uLWxlLW5vdXZlYXUtbGV2aWVyLWRlLXJlY29uY2lsaWF0aW9uLWRlcy1tYXJxdWVzLWF2ZWMtbGV1cnMtY29uc29tbWF0ZXVycy8_dXRtX3NvdXJjZT1uZXdzbGV0dGVyX2xhZG4mdXRtX21lZGl1bT1lbWFpbCZ1dG1fY2FtcGFpZ249bmV3c19sYWRuX2J1c2luZXNzJnV0bV9jb250ZW50PTIwMjEwMjEw\" target=\"_blank\" rel=\"noopener\" data-saferedirecturl=\"https:\/\/www.google.com\/url?q=http:\/\/i0y9.mjt.lu\/lnk\/AUsAACIJOzEAAcriwMgAAGl51YUAARrrACAAJMfyAAllogBgJBRY7kzEtAsZQKKNRfrg9kXGnwAH33Q\/8\/b8GooTQeSJ3Li3LG7wwV-w\/aHR0cHM6Ly93d3cubGFkbi5ldS9hZG4tYnVzaW5lc3MvZXhwZXJ0cy1tZXRpZXJzL3B1YmxpY2l0ZS9hZHZlcnRpc2luZy9jcmVhdGlvbi1wdWJsaWNpdGFpcmUvbGh5cGVyLWNvbnRleHR1YWxpc2F0aW9uLWxlLW5vdXZlYXUtbGV2aWVyLWRlLXJlY29uY2lsaWF0aW9uLWRlcy1tYXJxdWVzLWF2ZWMtbGV1cnMtY29uc29tbWF0ZXVycy8_dXRtX3NvdXJjZT1uZXdzbGV0dGVyX2xhZG4mdXRtX21lZGl1bT1lbWFpbCZ1dG1fY2FtcGFpZ249bmV3c19sYWRuX2J1c2luZXNzJnV0bV9jb250ZW50PTIwMjEwMjEw&amp;source=gmail&amp;ust=1621582198985000&amp;usg=AFQjCNEBcVQ0ywil-RV8F4SOKZGSzGwaSA\">ADN: L\u2019hyper-contextualisation : Le nouveau levier de r\u00e9conciliation des marques avec leurs consommateurs<\/a><\/strong><\/div>\n<div class=\"gmail_default\"><strong><a href=\"http:\/\/i0y9.mjt.lu\/lnk\/AMsAAJSGzWwAAcriwHYAAGl51YUAARrrACAAJMfyAAllogBgIr8shSA5InPeRc-RBpKEtt5-yQAH33Q\/8\/8aGfJ4yxyInMulFThycQTg\/aHR0cHM6Ly93d3cubGFkbi5ldS9hZG4tYnVzaW5lc3MvZXhwZXJ0cy1tZXRpZXJzL2RpZ2l0YWwvc29jaWFsLW1lZGlhLWRpZ2l0YWwvcmVzZWF1eC1zb2NpYXV4LWRpZ2l0YWwvZmFpcmUtbWljcm8taW5mbHVlbmNlLTIwMjEvP3V0bV9zb3VyY2U9bmV3c2xldHRlcl9sYWRuJnV0bV9tZWRpdW09ZW1haWwmdXRtX2NhbXBhaWduPW5ld3NfbGFkbl9idXNpbmVzcyZ1dG1fY29udGVudD0yMDIxMDIwOQ\" target=\"_blank\" rel=\"noopener\" data-saferedirecturl=\"https:\/\/www.google.com\/url?q=http:\/\/i0y9.mjt.lu\/lnk\/AMsAAJSGzWwAAcriwHYAAGl51YUAARrrACAAJMfyAAllogBgIr8shSA5InPeRc-RBpKEtt5-yQAH33Q\/8\/8aGfJ4yxyInMulFThycQTg\/aHR0cHM6Ly93d3cubGFkbi5ldS9hZG4tYnVzaW5lc3MvZXhwZXJ0cy1tZXRpZXJzL2RpZ2l0YWwvc29jaWFsLW1lZGlhLWRpZ2l0YWwvcmVzZWF1eC1zb2NpYXV4LWRpZ2l0YWwvZmFpcmUtbWljcm8taW5mbHVlbmNlLTIwMjEvP3V0bV9zb3VyY2U9bmV3c2xldHRlcl9sYWRuJnV0bV9tZWRpdW09ZW1haWwmdXRtX2NhbXBhaWduPW5ld3NfbGFkbl9idXNpbmVzcyZ1dG1fY29udGVudD0yMDIxMDIwOQ&amp;source=gmail&amp;ust=1621582198985000&amp;usg=AFQjCNE_YUn2wx9bKzKooO9D31qa7Lapgg\">ADN: Comment capitaliser davantage sur la micro-influence en 2021 ?<\/a><\/strong><\/div>\n<div class=\"gmail_default\"><strong><a href=\"https:\/\/www.thegood.fr\/laura-boulet-dga-de-lunion-des-marques-toutes-les-entreprises-doivent-etre-activistes-la-question-est-comment\/\" target=\"_blank\" rel=\"noopener\" data-saferedirecturl=\"https:\/\/www.google.com\/url?q=https:\/\/www.thegood.fr\/laura-boulet-dga-de-lunion-des-marques-toutes-les-entreprises-doivent-etre-activistes-la-question-est-comment\/&amp;source=gmail&amp;ust=1621582198985000&amp;usg=AFQjCNEa49S2wD50jJPTsTAXQt3wCcfrHg\">THE GOOD. toutes les entreprises doivent \u00eatre activistes. La question est : comment ?<\/a><\/strong><\/div>\n<div class=\"gmail_default\"><strong><a href=\"http:\/\/i0y9.mjt.lu\/lnk\/AM8AAJLSLNEAAcriu8AAAGl51YUAARrrACAAGgpnAAllogBgE5fSlVNwfz_rRwa0o-gHIokd9AAH33Q\/7\/x3WvY1R7pXCoG1vSM35nfw\/aHR0cHM6Ly93d3cubGFkbi5ldS9ub3V2ZWF1eC11c2FnZXMvZXR1ZGUtbWFya2V0aW5nLzIwMjEtYW5uZWUtcmVkZXNzaW5lLWxlcy1mcm9udGllcmVzLz91dG1fc291cmNlPW5ld3NsZXR0ZXJfbGFkbiZ1dG1fbWVkaXVtPWVtYWlsJnV0bV9jYW1wYWlnbj1uZXdzX2xhZG5fdGVuZGFuY2UmdXRtX2NvbnRlbnQ9MjAyMTAxMjk\" target=\"_blank\" rel=\"noopener\" data-saferedirecturl=\"https:\/\/www.google.com\/url?q=http:\/\/i0y9.mjt.lu\/lnk\/AM8AAJLSLNEAAcriu8AAAGl51YUAARrrACAAGgpnAAllogBgE5fSlVNwfz_rRwa0o-gHIokd9AAH33Q\/7\/x3WvY1R7pXCoG1vSM35nfw\/aHR0cHM6Ly93d3cubGFkbi5ldS9ub3V2ZWF1eC11c2FnZXMvZXR1ZGUtbWFya2V0aW5nLzIwMjEtYW5uZWUtcmVkZXNzaW5lLWxlcy1mcm9udGllcmVzLz91dG1fc291cmNlPW5ld3NsZXR0ZXJfbGFkbiZ1dG1fbWVkaXVtPWVtYWlsJnV0bV9jYW1wYWlnbj1uZXdzX2xhZG5fdGVuZGFuY2UmdXRtX2NvbnRlbnQ9MjAyMTAxMjk&amp;source=gmail&amp;ust=1621582198985000&amp;usg=AFQjCNEXJxxDMyED19Hmw1hFwf2gwTl3zg\">En 2020, on a perdu nos rep\u00e8res. En 2021, on en construit de nouveaux.<\/a><\/strong><\/div>\n<div class=\"gmail_default\"><\/div>\n<div>\n<div dir=\"ltr\">\n<div dir=\"ltr\">\n<div>\n<div dir=\"ltr\">\n<div dir=\"ltr\">\n<div dir=\"ltr\">\n<div dir=\"ltr\">\n<div dir=\"ltr\">\n<div dir=\"ltr\">\n<div dir=\"ltr\">\n<div dir=\"ltr\">\n<div dir=\"ltr\">\n<div dir=\"ltr\">\n<div dir=\"ltr\">\n<div dir=\"ltr\">\n<div dir=\"ltr\">\n<div dir=\"ltr\">\n<div dir=\"ltr\">\n<div dir=\"ltr\">\n<div dir=\"ltr\">\n<div dir=\"ltr\">\n<div dir=\"ltr\">\n<div dir=\"ltr\">\n<div dir=\"ltr\">\n<div dir=\"ltr\">\n<div dir=\"ltr\">\n<div dir=\"ltr\">\n<div dir=\"ltr\">\n<div dir=\"ltr\">\n<div dir=\"ltr\">\n<div dir=\"ltr\">\n<div dir=\"ltr\">\n<div dir=\"ltr\">\n<div dir=\"ltr\">\n<div dir=\"ltr\">\n<div dir=\"ltr\">\n<div dir=\"ltr\">\n<div dir=\"ltr\">\n<div dir=\"ltr\">\n<div dir=\"ltr\">\n<div dir=\"ltr\"><\/div>\n<\/div>\n<\/div>\n<\/div>\n<\/div>\n<\/div>\n<\/div>\n<\/div>\n<\/div>\n<\/div>\n<\/div>\n<\/div>\n<\/div>\n<\/div>\n<\/div>\n<\/div>\n<\/div>\n<\/div>\n<\/div>\n<\/div>\n<\/div>\n<\/div>\n<\/div>\n<\/div>\n<\/div>\n<\/div>\n<\/div>\n<\/div>\n<\/div>\n<\/div>\n<\/div>\n<\/div>\n<\/div>\n<\/div>\n<\/div>\n<\/div>\n<\/div>\n<\/div>\n<\/div>\n<\/div>\n<\/div>\n<\/div>\n<\/div>\n<\/div>\n<\/div>\n<\/div>\n<\/div>\n<\/div>\n<p>\n<\/div><div class=\"bt_bb_separator bt_bb_border_style_none bt_bb_top_spacing_normal bt_bb_bottom_spacing_normal\" data-bt-override-class=\"null\"><\/div><div  class=\"bt_bb_text\" ><\/p>\n<p><a href=\"https:\/\/www.mrnews.fr\/\">Also find some articles\u00a0 mrnews<\/a> the reference site is marketing research<\/p>\n<p>\n<\/div><\/div><\/div><\/div><\/div><\/div><!-- cell_inner --><\/div><!-- cell --><\/div><!-- port --><\/section>\n","protected":false},"excerpt":{"rendered":"","protected":false},"author":4,"featured_media":0,"parent":0,"menu_order":0,"comment_status":"closed","ping_status":"closed","template":"","meta":{"footnotes":""},"class_list":["post-3397","page","type-page","status-publish","hentry"],"_links":{"self":[{"href":"https:\/\/actfuture.com\/en\/wp-json\/wp\/v2\/pages\/3397","targetHints":{"allow":["GET"]}}],"collection":[{"href":"https:\/\/actfuture.com\/en\/wp-json\/wp\/v2\/pages"}],"about":[{"href":"https:\/\/actfuture.com\/en\/wp-json\/wp\/v2\/types\/page"}],"author":[{"embeddable":true,"href":"https:\/\/actfuture.com\/en\/wp-json\/wp\/v2\/users\/4"}],"replies":[{"embeddable":true,"href":"https:\/\/actfuture.com\/en\/wp-json\/wp\/v2\/comments?post=3397"}],"version-history":[{"count":0,"href":"https:\/\/actfuture.com\/en\/wp-json\/wp\/v2\/pages\/3397\/revisions"}],"wp:attachment":[{"href":"https:\/\/actfuture.com\/en\/wp-json\/wp\/v2\/media?parent=3397"}],"curies":[{"name":"wp","href":"https:\/\/api.w.org\/{rel}","templated":true}]}}